{"id":1443,"date":"2025-06-19T08:25:23","date_gmt":"2025-06-19T08:25:23","guid":{"rendered":"https:\/\/limburgia.demosites.be\/reunions\/"},"modified":"2025-09-01T13:02:31","modified_gmt":"2025-09-01T13:02:31","slug":"reunions","status":"publish","type":"page","link":"https:\/\/hotellimburgia.be\/fr\/reunions\/","title":{"rendered":"R\u00e9unions"},"content":{"rendered":"\t\t<div data-elementor-type=\"wp-page\" data-elementor-id=\"1443\" class=\"elementor elementor-1443 elementor-15\" data-elementor-post-type=\"page\">\n\t\t\t\t<div class=\"elementor-element elementor-element-19490556 e-flex e-con-boxed e-con e-parent\" data-id=\"19490556\" data-element_type=\"container\" data-settings=\"{&quot;background_background&quot;:&quot;slideshow&quot;,&quot;background_slideshow_ken_burns&quot;:&quot;yes&quot;,&quot;background_slideshow_gallery&quot;:[{&quot;id&quot;:610,&quot;url&quot;:&quot;https:\\\/\\\/hotellimburgia.be\\\/wp-content\\\/uploads\\\/2025\\\/07\\\/hotel-limburgia-kanne-limburg-meetings-1613-1.jpg&quot;},{&quot;id&quot;:611,&quot;url&quot;:&quot;https:\\\/\\\/hotellimburgia.be\\\/wp-content\\\/uploads\\\/2025\\\/07\\\/hotel-limburgia-kanne-limburg-meetings-1617.jpg&quot;}],&quot;background_slideshow_loop&quot;:&quot;yes&quot;,&quot;background_slideshow_slide_duration&quot;:5000,&quot;background_slideshow_slide_transition&quot;:&quot;fade&quot;,&quot;background_slideshow_transition_duration&quot;:500,&quot;background_slideshow_ken_burns_zoom_direction&quot;:&quot;in&quot;}\">\n\t\t\t\t\t<div class=\"e-con-inner\">\n\t\t<div class=\"elementor-element elementor-element-68533201 e-con-full e-flex e-con e-child\" data-id=\"68533201\" data-element_type=\"container\" data-settings=\"{&quot;background_background&quot;:&quot;classic&quot;}\">\n\t\t\t\t<div class=\"elementor-element elementor-element-74800d2a elementor-hidden-mobile elementor-widget elementor-widget-heading\" data-id=\"74800d2a\" data-element_type=\"widget\" data-widget_type=\"heading.default\">\n\t\t\t\t<div class=\"elementor-widget-container\">\n\t\t\t\t\t<h4 class=\"elementor-heading-title elementor-size-default\">R\u00c9UNIONS \u00c0 L'H\u00d4TEL LIMBURGIA<\/h4>\t\t\t\t<\/div>\n\t\t\t\t<\/div>\n\t\t\t\t<div class=\"elementor-element elementor-element-2ce8208a elementor-hidden-mobile elementor-widget elementor-widget-heading\" data-id=\"2ce8208a\" data-element_type=\"widget\" data-widget_type=\"heading.default\">\n\t\t\t\t<div class=\"elementor-widget-container\">\n\t\t\t\t\t<h1 class=\"elementor-heading-title elementor-size-default\">R\u00e9unions en paix<\/h1>\t\t\t\t<\/div>\n\t\t\t\t<\/div>\n\t\t<div class=\"elementor-element elementor-element-3567067a e-con-full e-flex e-con e-child\" data-id=\"3567067a\" data-element_type=\"container\">\n\t\t<div class=\"elementor-element elementor-element-69df4d12 e-con-full e-flex e-con e-child\" data-id=\"69df4d12\" data-element_type=\"container\">\n\t\t\t\t<div class=\"elementor-element elementor-element-75c6863f elementor-align-center elementor-hidden-mobile elementor-widget elementor-widget-button\" data-id=\"75c6863f\" data-element_type=\"widget\" data-widget_type=\"button.default\">\n\t\t\t\t<div class=\"elementor-widget-container\">\n\t\t\t\t\t\t\t\t\t<div class=\"elementor-button-wrapper\">\n\t\t\t\t\t<a class=\"elementor-button elementor-button-link elementor-size-sm\" href=\"#meetingsblock\">\n\t\t\t\t\t\t<span class=\"elementor-button-content-wrapper\">\n\t\t\t\t\t\t\t\t\t<span class=\"elementor-button-text\">D\u00c9COUVRIR PLUS<\/span>\n\t\t\t\t\t<\/span>\n\t\t\t\t\t<\/a>\n\t\t\t\t<\/div>\n\t\t\t\t\t\t\t\t<\/div>\n\t\t\t\t<\/div>\n\t\t\t\t<\/div>\n\t\t\t\t<\/div>\n\t\t\t\t<\/div>\n\t\t\t\t\t<\/div>\n\t\t\t\t<\/div>\n\t\t\t\t<section class=\"elementor-section elementor-top-section elementor-element elementor-element-597fa33 elementor-section-boxed elementor-section-height-default elementor-section-height-default\" data-id=\"597fa33\" data-element_type=\"section\" data-settings=\"{&quot;background_background&quot;:&quot;classic&quot;}\">\n\t\t\t\t\t\t<div class=\"elementor-container elementor-column-gap-default\">\n\t\t\t\t\t<div class=\"elementor-column elementor-col-50 elementor-top-column elementor-element elementor-element-bad7152\" data-id=\"bad7152\" data-element_type=\"column\">\n\t\t\t<div class=\"elementor-widget-wrap elementor-element-populated\">\n\t\t\t\t\t\t<div class=\"elementor-element elementor-element-4a1a0bf elementor-widget elementor-widget-menu-anchor\" data-id=\"4a1a0bf\" data-element_type=\"widget\" data-widget_type=\"menu-anchor.default\">\n\t\t\t\t<div class=\"elementor-widget-container\">\n\t\t\t\t\t\t\t<div class=\"elementor-menu-anchor\" id=\"blocderunions\"><\/div>\n\t\t\t\t\t\t<\/div>\n\t\t\t\t<\/div>\n\t\t\t\t<div class=\"elementor-element elementor-element-39c2dda elementor-widget elementor-widget-heading\" data-id=\"39c2dda\" data-element_type=\"widget\" data-widget_type=\"heading.default\">\n\t\t\t\t<div class=\"elementor-widget-container\">\n\t\t\t\t\t<h4 class=\"elementor-heading-title elementor-size-default\">H\u00d4TEL LIMBURGIA<\/h4>\t\t\t\t<\/div>\n\t\t\t\t<\/div>\n\t\t\t\t<div class=\"elementor-element elementor-element-617005a elementor-widget elementor-widget-heading\" data-id=\"617005a\" data-element_type=\"widget\" data-widget_type=\"heading.default\">\n\t\t\t\t<div class=\"elementor-widget-container\">\n\t\t\t\t\t<h2 class=\"elementor-heading-title elementor-size-default\">Chambre enti\u00e8rement \u00e9quip\u00e9e.<\/h2>\t\t\t\t<\/div>\n\t\t\t\t<\/div>\n\t\t\t\t<div class=\"elementor-element elementor-element-bc1a3f6 elementor-widget elementor-widget-text-editor\" data-id=\"bc1a3f6\" data-element_type=\"widget\" data-widget_type=\"text-editor.default\">\n\t\t\t\t<div class=\"elementor-widget-container\">\n\t\t\t\t\t\t\t\t\t<p>L&rsquo;h\u00f4tel Limburgia offre un environnement paisible et inspirant pour vos r\u00e9unions d&rsquo;affaires, r\u00e9unions ou s\u00e9ances de brainstorming. Dans notre salle de r\u00e9union, vous combinez confort et efficacit\u00e9 : l&rsquo;espace est \u00e9quip\u00e9 de toutes les commodit\u00e9s modernes telles que le Wi-Fi, les \u00e9quipements de projection et de pr\u00e9sentation, et peut \u00eatre am\u00e9nag\u00e9 de mani\u00e8re flexible en fonction de la taille ou du type de r\u00e9union.<\/p><p>Notre service discret et notre hospitalit\u00e9 authentique vous permettent de vous concentrer pleinement sur vos objectifs. Qu&rsquo;il s&rsquo;agisse d&rsquo;une br\u00e8ve r\u00e9union de consultation ou d&rsquo;une session d&rsquo;une journ\u00e9e enti\u00e8re, nous serons heureux de vous aider \u00e0 trouver la bonne formule. Sur demande, nous proposons \u00e9galement un d\u00e9jeuner ou un d\u00eener avec traiteur dans notre restaurant, o\u00f9 les produits locaux et les plats savoureux sont \u00e0 l&rsquo;honneur.<\/p><p>Entre les r\u00e9unions, les magnifiques environs de l&rsquo;h\u00f4tel offrent de nombreuses possibilit\u00e9s de d\u00e9tente.<\/p><p>N&rsquo;h\u00e9sitez pas \u00e0 nous contacter. Nous nous ferons un plaisir de vous conseiller en fonction de vos besoins et de vous assurer un s\u00e9jour d&rsquo;affaires r\u00e9ussi et sans souci.<\/p>\t\t\t\t\t\t\t\t<\/div>\n\t\t\t\t<\/div>\n\t\t<div class=\"elementor-element elementor-element-0168b7a e-con-full e-flex e-con e-parent\" data-id=\"0168b7a\" data-element_type=\"container\">\n\t\t<div class=\"elementor-element elementor-element-b4c9a55 e-con-full e-flex e-con e-child\" data-id=\"b4c9a55\" data-element_type=\"container\">\n\t\t\t\t<div class=\"elementor-element elementor-element-8958d62 elementor-align-center elementor-widget elementor-widget-button\" data-id=\"8958d62\" data-element_type=\"widget\" data-widget_type=\"button.default\">\n\t\t\t\t<div class=\"elementor-widget-container\">\n\t\t\t\t\t\t\t\t\t<div class=\"elementor-button-wrapper\">\n\t\t\t\t\t<a class=\"elementor-button elementor-button-link elementor-size-sm\" href=\"https:\/\/hotellimburgia.be\/fr\/contact\/\">\n\t\t\t\t\t\t<span class=\"elementor-button-content-wrapper\">\n\t\t\t\t\t\t\t\t\t<span class=\"elementor-button-text\">Demander plus d'informations<\/span>\n\t\t\t\t\t<\/span>\n\t\t\t\t\t<\/a>\n\t\t\t\t<\/div>\n\t\t\t\t\t\t\t\t<\/div>\n\t\t\t\t<\/div>\n\t\t\t\t<\/div>\n\t\t\t\t<\/div>\n\t\t\t\t\t<\/div>\n\t\t<\/div>\n\t\t\t\t<div class=\"elementor-column elementor-col-50 elementor-top-column elementor-element elementor-element-85a0d68\" data-id=\"85a0d68\" data-element_type=\"column\" data-settings=\"{&quot;background_background&quot;:&quot;classic&quot;}\">\n\t\t\t<div class=\"elementor-widget-wrap elementor-element-populated\">\n\t\t\t\t\t\t<section class=\"elementor-section elementor-inner-section elementor-element elementor-element-397183f elementor-section-boxed elementor-section-height-default elementor-section-height-default\" data-id=\"397183f\" data-element_type=\"section\">\n\t\t\t\t\t\t<div class=\"elementor-container elementor-column-gap-default\">\n\t\t\t\t\t<div class=\"elementor-column elementor-col-50 elementor-inner-column elementor-element elementor-element-efd1145 animated-slow elementor-invisible\" data-id=\"efd1145\" data-element_type=\"column\" data-settings=\"{&quot;background_background&quot;:&quot;classic&quot;,&quot;animation&quot;:&quot;fadeInUp&quot;}\">\n\t\t\t<div class=\"elementor-widget-wrap elementor-element-populated\">\n\t\t\t\t\t\t<div class=\"elementor-element elementor-element-9f8569f elementor-widget elementor-widget-image\" data-id=\"9f8569f\" data-element_type=\"widget\" data-widget_type=\"image.default\">\n\t\t\t\t<div class=\"elementor-widget-container\">\n\t\t\t\t\t\t\t\t\t\t\t\t\t\t\t<img fetchpriority=\"high\" decoding=\"async\" width=\"960\" height=\"1280\" src=\"https:\/\/hotellimburgia.be\/wp-content\/uploads\/2025\/07\/hotel-limburgia-kanne-limburg-meetings-5082.jpg\" class=\"attachment-full size-full wp-image-1356\" alt=\"\" srcset=\"https:\/\/hotellimburgia.be\/wp-content\/uploads\/2025\/07\/hotel-limburgia-kanne-limburg-meetings-5082.jpg 960w, https:\/\/hotellimburgia.be\/wp-content\/uploads\/2025\/07\/hotel-limburgia-kanne-limburg-meetings-5082-225x300.jpg 225w, https:\/\/hotellimburgia.be\/wp-content\/uploads\/2025\/07\/hotel-limburgia-kanne-limburg-meetings-5082-768x1024.jpg 768w\" sizes=\"(max-width: 960px) 100vw, 960px\" \/>\t\t\t\t\t\t\t\t\t\t\t\t\t\t\t<\/div>\n\t\t\t\t<\/div>\n\t\t\t\t\t<\/div>\n\t\t<\/div>\n\t\t\t\t<div class=\"elementor-column elementor-col-50 elementor-inner-column elementor-element elementor-element-8303e53 animated-slow elementor-invisible\" data-id=\"8303e53\" data-element_type=\"column\" data-settings=\"{&quot;background_background&quot;:&quot;classic&quot;,&quot;animation&quot;:&quot;fadeInRight&quot;}\">\n\t\t\t<div class=\"elementor-widget-wrap elementor-element-populated\">\n\t\t\t\t\t\t<div class=\"elementor-element elementor-element-de0715b elementor-widget elementor-widget-image\" data-id=\"de0715b\" data-element_type=\"widget\" data-widget_type=\"image.default\">\n\t\t\t\t<div class=\"elementor-widget-container\">\n\t\t\t\t\t\t\t\t\t\t\t\t\t\t\t<img decoding=\"async\" width=\"960\" height=\"1280\" src=\"https:\/\/hotellimburgia.be\/wp-content\/uploads\/2025\/07\/hotel-limburgia-kanne-limburg-meetings-1615.jpg\" class=\"attachment-full size-full wp-image-1353\" alt=\"\" srcset=\"https:\/\/hotellimburgia.be\/wp-content\/uploads\/2025\/07\/hotel-limburgia-kanne-limburg-meetings-1615.jpg 960w, https:\/\/hotellimburgia.be\/wp-content\/uploads\/2025\/07\/hotel-limburgia-kanne-limburg-meetings-1615-225x300.jpg 225w, https:\/\/hotellimburgia.be\/wp-content\/uploads\/2025\/07\/hotel-limburgia-kanne-limburg-meetings-1615-768x1024.jpg 768w\" sizes=\"(max-width: 960px) 100vw, 960px\" \/>\t\t\t\t\t\t\t\t\t\t\t\t\t\t\t<\/div>\n\t\t\t\t<\/div>\n\t\t\t\t\t<\/div>\n\t\t<\/div>\n\t\t\t\t\t<\/div>\n\t\t<\/section>\n\t\t\t\t\t<\/div>\n\t\t<\/div>\n\t\t\t\t\t<\/div>\n\t\t<\/section>\n\t\t\t\t<\/div>\n\t\t","protected":false},"excerpt":{"rendered":"<p>R\u00c9UNIONS \u00c0 L&rsquo;H\u00d4TEL LIMBURGIA R\u00e9unions en paix D\u00c9COUVRIR PLUS H\u00d4TEL LIMBURGIA Chambre enti\u00e8rement \u00e9quip\u00e9e. L&rsquo;h\u00f4tel Limburgia offre un environnement paisible et inspirant pour vos r\u00e9unions d&rsquo;affaires, r\u00e9unions ou s\u00e9ances de brainstorming. Dans notre salle de r\u00e9union, vous combinez confort et efficacit\u00e9 : l&rsquo;espace est \u00e9quip\u00e9 de toutes les commodit\u00e9s modernes telles que le Wi-Fi, les [&hellip;]<\/p>\n","protected":false},"author":1,"featured_media":0,"parent":0,"menu_order":9,"comment_status":"closed","ping_status":"closed","template":"","meta":{"footnotes":""},"class_list":["post-1443","page","type-page","status-publish","hentry"],"_links":{"self":[{"href":"https:\/\/hotellimburgia.be\/fr\/wp-json\/wp\/v2\/pages\/1443","targetHints":{"allow":["GET"]}}],"collection":[{"href":"https:\/\/hotellimburgia.be\/fr\/wp-json\/wp\/v2\/pages"}],"about":[{"href":"https:\/\/hotellimburgia.be\/fr\/wp-json\/wp\/v2\/types\/page"}],"author":[{"embeddable":true,"href":"https:\/\/hotellimburgia.be\/fr\/wp-json\/wp\/v2\/users\/1"}],"replies":[{"embeddable":true,"href":"https:\/\/hotellimburgia.be\/fr\/wp-json\/wp\/v2\/comments?post=1443"}],"version-history":[{"count":3,"href":"https:\/\/hotellimburgia.be\/fr\/wp-json\/wp\/v2\/pages\/1443\/revisions"}],"predecessor-version":[{"id":1881,"href":"https:\/\/hotellimburgia.be\/fr\/wp-json\/wp\/v2\/pages\/1443\/revisions\/1881"}],"wp:attachment":[{"href":"https:\/\/hotellimburgia.be\/fr\/wp-json\/wp\/v2\/media?parent=1443"}],"curies":[{"name":"wp","href":"https:\/\/api.w.org\/{rel}","templated":true}]}}