{"id":1439,"date":"2025-06-19T08:24:23","date_gmt":"2025-06-19T08:24:23","guid":{"rendered":"https:\/\/limburgia.demosites.be\/restaurant\/"},"modified":"2025-08-16T07:30:42","modified_gmt":"2025-08-16T07:30:42","slug":"restaurant","status":"publish","type":"page","link":"https:\/\/hotellimburgia.be\/fr\/restaurant\/","title":{"rendered":"Restaurant"},"content":{"rendered":"\t\t<div data-elementor-type=\"wp-page\" data-elementor-id=\"1439\" class=\"elementor elementor-1439 elementor-13\" data-elementor-post-type=\"page\">\n\t\t\t\t<div class=\"elementor-element elementor-element-137c063f e-flex e-con-boxed e-con e-parent\" data-id=\"137c063f\" data-element_type=\"container\" data-settings=\"{&quot;background_background&quot;:&quot;slideshow&quot;,&quot;background_slideshow_ken_burns&quot;:&quot;yes&quot;,&quot;background_slideshow_gallery&quot;:[{&quot;id&quot;:563,&quot;url&quot;:&quot;https:\\\/\\\/hotellimburgia.be\\\/wp-content\\\/uploads\\\/2025\\\/07\\\/hotel-limburgia-kanne-limburg-1477bis.jpg&quot;},{&quot;id&quot;:564,&quot;url&quot;:&quot;https:\\\/\\\/hotellimburgia.be\\\/wp-content\\\/uploads\\\/2025\\\/07\\\/hotel-limburgia-kanne-limburg-1473.jpg&quot;}],&quot;background_slideshow_loop&quot;:&quot;yes&quot;,&quot;background_slideshow_slide_duration&quot;:5000,&quot;background_slideshow_slide_transition&quot;:&quot;fade&quot;,&quot;background_slideshow_transition_duration&quot;:500,&quot;background_slideshow_ken_burns_zoom_direction&quot;:&quot;in&quot;}\">\n\t\t\t\t\t<div class=\"e-con-inner\">\n\t\t<div class=\"elementor-element elementor-element-7325de50 e-con-full elementor-hidden-mobile e-flex e-con e-child\" data-id=\"7325de50\" data-element_type=\"container\" data-settings=\"{&quot;background_background&quot;:&quot;classic&quot;}\">\n\t\t\t\t<div class=\"elementor-element elementor-element-6cddf194 elementor-widget elementor-widget-heading\" data-id=\"6cddf194\" data-element_type=\"widget\" data-widget_type=\"heading.default\">\n\t\t\t\t<div class=\"elementor-widget-container\">\n\t\t\t\t\t<h4 class=\"elementor-heading-title elementor-size-default\">H\u00d4TEL RESTAURANT LIMBURGIA<\/h4>\t\t\t\t<\/div>\n\t\t\t\t<\/div>\n\t\t\t\t<div class=\"elementor-element elementor-element-38e2213 elementor-widget elementor-widget-heading\" data-id=\"38e2213\" data-element_type=\"widget\" data-widget_type=\"heading.default\">\n\t\t\t\t<div class=\"elementor-widget-container\">\n\t\t\t\t\t<h1 class=\"elementor-heading-title elementor-size-default\">Des moments savoureux, pr\u00e9par\u00e9s avec amour<\/h1>\t\t\t\t<\/div>\n\t\t\t\t<\/div>\n\t\t<div class=\"elementor-element elementor-element-4510fc2a e-con-full e-flex e-con e-child\" data-id=\"4510fc2a\" data-element_type=\"container\">\n\t\t<div class=\"elementor-element elementor-element-2bd01a0d e-con-full e-flex e-con e-child\" data-id=\"2bd01a0d\" data-element_type=\"container\">\n\t\t\t\t<div class=\"elementor-element elementor-element-6708e6e4 elementor-align-center elementor-widget elementor-widget-button\" data-id=\"6708e6e4\" data-element_type=\"widget\" data-widget_type=\"button.default\">\n\t\t\t\t<div class=\"elementor-widget-container\">\n\t\t\t\t\t\t\t\t\t<div class=\"elementor-button-wrapper\">\n\t\t\t\t\t<a class=\"elementor-button elementor-button-link elementor-size-sm\" href=\"#restaurantblok\">\n\t\t\t\t\t\t<span class=\"elementor-button-content-wrapper\">\n\t\t\t\t\t\t\t\t\t<span class=\"elementor-button-text\">D\u00c9COUVRIR PLUS<\/span>\n\t\t\t\t\t<\/span>\n\t\t\t\t\t<\/a>\n\t\t\t\t<\/div>\n\t\t\t\t\t\t\t\t<\/div>\n\t\t\t\t<\/div>\n\t\t\t\t<\/div>\n\t\t\t\t<\/div>\n\t\t\t\t<\/div>\n\t\t\t\t\t<\/div>\n\t\t\t\t<\/div>\n\t\t\t\t<section class=\"elementor-section elementor-top-section elementor-element elementor-element-265b881 elementor-section-boxed elementor-section-height-default elementor-section-height-default\" data-id=\"265b881\" data-element_type=\"section\" id=\"restaurant-blok1\">\n\t\t\t\t\t\t<div class=\"elementor-container elementor-column-gap-no\">\n\t\t\t\t\t<div class=\"elementor-column elementor-col-100 elementor-top-column elementor-element elementor-element-1f7635a3\" data-id=\"1f7635a3\" data-element_type=\"column\">\n\t\t\t<div class=\"elementor-widget-wrap elementor-element-populated\">\n\t\t\t\t<div class=\"elementor-element elementor-element-61e84b6 e-con-full e-flex e-con e-parent\" data-id=\"61e84b6\" data-element_type=\"container\" data-settings=\"{&quot;background_background&quot;:&quot;classic&quot;}\">\n\t\t<div class=\"elementor-element elementor-element-01f07f0 e-con-full e-flex e-con e-child\" data-id=\"01f07f0\" data-element_type=\"container\">\n\t\t\t\t<div class=\"elementor-element elementor-element-a1f38dc elementor-widget elementor-widget-menu-anchor\" data-id=\"a1f38dc\" data-element_type=\"widget\" data-widget_type=\"menu-anchor.default\">\n\t\t\t\t<div class=\"elementor-widget-container\">\n\t\t\t\t\t\t\t<div class=\"elementor-menu-anchor\" id=\"blocrestaurant\"><\/div>\n\t\t\t\t\t\t<\/div>\n\t\t\t\t<\/div>\n\t\t\t\t<div class=\"elementor-element elementor-element-e947e9c elementor-hidden-mobile elementor-widget elementor-widget-text-editor\" data-id=\"e947e9c\" data-element_type=\"widget\" data-widget_type=\"text-editor.default\">\n\t\t\t\t<div class=\"elementor-widget-container\">\n\t\t\t\t\t\t\t\t\t<p>D\u00e9lices culinaires<\/p>\t\t\t\t\t\t\t\t<\/div>\n\t\t\t\t<\/div>\n\t\t\t\t<div class=\"elementor-element elementor-element-942b4b7 elementor-widget elementor-widget-heading\" data-id=\"942b4b7\" data-element_type=\"widget\" data-widget_type=\"heading.default\">\n\t\t\t\t<div class=\"elementor-widget-container\">\n\t\t\t\t\t<h1 class=\"elementor-heading-title elementor-size-default\">Restaurant de l'h\u00f4tel pour nos clients<\/h1>\t\t\t\t<\/div>\n\t\t\t\t<\/div>\n\t\t\t\t<\/div>\n\t\t\t\t<\/div>\n\t\t<div class=\"elementor-element elementor-element-a13472c e-con-full e-flex e-con e-parent\" data-id=\"a13472c\" data-element_type=\"container\" data-settings=\"{&quot;background_background&quot;:&quot;classic&quot;}\">\n\t\t<div class=\"elementor-element elementor-element-53c825a e-con-full e-flex e-con e-child\" data-id=\"53c825a\" data-element_type=\"container\">\n\t\t\t\t<div class=\"elementor-element elementor-element-16bfd17 elementor-widget elementor-widget-text-editor\" data-id=\"16bfd17\" data-element_type=\"widget\" data-widget_type=\"text-editor.default\">\n\t\t\t\t<div class=\"elementor-widget-container\">\n\t\t\t\t\t\t\t\t\t<p>La cuisine de cet \u00e9l\u00e9gant restaurant propose une s\u00e9lection de plats cr\u00e9atifs et d\u00e9licieux.<\/p>\t\t\t\t\t\t\t\t<\/div>\n\t\t\t\t<\/div>\n\t\t\t\t<\/div>\n\t\t\t\t<\/div>\n\t\t<div class=\"elementor-element elementor-element-0e0021d e-con-full e-flex e-con e-parent\" data-id=\"0e0021d\" data-element_type=\"container\" data-settings=\"{&quot;background_background&quot;:&quot;classic&quot;}\">\n\t\t<div class=\"elementor-element elementor-element-38b0523 e-con-full e-flex e-con e-child\" data-id=\"38b0523\" data-element_type=\"container\">\n\t\t\t\t<div class=\"elementor-element elementor-element-3bd32b2 elementor-widget elementor-widget-text-editor\" data-id=\"3bd32b2\" data-element_type=\"widget\" data-widget_type=\"text-editor.default\">\n\t\t\t\t<div class=\"elementor-widget-container\">\n\t\t\t\t\t\t\t\t\t<p>Les vendredis, samedis, dimanches et lundis, nous ouvrons les portes de notre restaurant chaleureux aux clients de l&rsquo;h\u00f4tel ainsi qu&rsquo;aux autres gourmets. Dans notre salle \u00e0 manger conviviale et familiale, nous vous servons dans une ambiance chaleureuse et personnelle. Le menu, qui change chaque semaine, offre une large s\u00e9lection de d\u00e9licieux plats, souvent pr\u00e9par\u00e9s avec des ingr\u00e9dients locaux tels que les c\u00e9l\u00e8bres champignons de grotte de la r\u00e9gion. Chaque plat est soigneusement compos\u00e9 pour mettre en valeur les saveurs locales.   <\/p>\t\t\t\t\t\t\t\t<\/div>\n\t\t\t\t<\/div>\n\t\t\t\t<\/div>\n\t\t<div class=\"elementor-element elementor-element-5faefdd e-con-full e-flex e-con e-child\" data-id=\"5faefdd\" data-element_type=\"container\">\n\t\t\t\t<div class=\"elementor-element elementor-element-cd565ec elementor-hidden-mobile elementor-widget elementor-widget-text-editor\" data-id=\"cd565ec\" data-element_type=\"widget\" data-widget_type=\"text-editor.default\">\n\t\t\t\t<div class=\"elementor-widget-container\">\n\t\t\t\t\t\t\t\t\t<p>La chef Amelia a acquis son exp\u00e9rience culinaire en France, en Angleterre et en Australie, et int\u00e8gre le meilleur de ces cuisines dans ses cr\u00e9ations. Ses plats sont raffin\u00e9s, surprenants et accessibles, garantissant une exp\u00e9rience gustative m\u00e9morable. La cuisine est ouverte les vendredis, samedis, dimanches et lundis. Les autres jours, le restaurant est ferm\u00e9 le soir. Le bar et la terrasse restent ouverts. Bon app\u00e9tit !     <\/p>\t\t\t\t\t\t\t\t<\/div>\n\t\t\t\t<\/div>\n\t\t\t\t<\/div>\n\t\t\t\t<\/div>\n\t\t\t\t\t<\/div>\n\t\t<\/div>\n\t\t\t\t\t<\/div>\n\t\t<\/section>\n\t\t<div class=\"elementor-element elementor-element-039df04 e-flex e-con-boxed e-con e-parent\" data-id=\"039df04\" data-element_type=\"container\" data-settings=\"{&quot;background_background&quot;:&quot;classic&quot;}\">\n\t\t\t\t\t<div class=\"e-con-inner\">\n\t\t\t\t<div class=\"elementor-element elementor-element-e658a26 elementor-widget elementor-widget-image\" data-id=\"e658a26\" data-element_type=\"widget\" data-widget_type=\"image.default\">\n\t\t\t\t<div class=\"elementor-widget-container\">\n\t\t\t\t\t\t\t\t\t\t\t\t\t\t\t<img fetchpriority=\"high\" decoding=\"async\" width=\"800\" height=\"417\" src=\"https:\/\/hotellimburgia.be\/wp-content\/uploads\/2025\/07\/hotel-limburgia-kanne-limburg-1474.jpg\" class=\"attachment-large size-large wp-image-1338\" alt=\"\" srcset=\"https:\/\/hotellimburgia.be\/wp-content\/uploads\/2025\/07\/hotel-limburgia-kanne-limburg-1474.jpg 960w, https:\/\/hotellimburgia.be\/wp-content\/uploads\/2025\/07\/hotel-limburgia-kanne-limburg-1474-300x156.jpg 300w, https:\/\/hotellimburgia.be\/wp-content\/uploads\/2025\/07\/hotel-limburgia-kanne-limburg-1474-768x400.jpg 768w\" sizes=\"(max-width: 800px) 100vw, 800px\" \/>\t\t\t\t\t\t\t\t\t\t\t\t\t\t\t<\/div>\n\t\t\t\t<\/div>\n\t\t\t\t<div class=\"elementor-element elementor-element-f1408db elementor-widget elementor-widget-image\" data-id=\"f1408db\" data-element_type=\"widget\" data-widget_type=\"image.default\">\n\t\t\t\t<div class=\"elementor-widget-container\">\n\t\t\t\t\t\t\t\t\t\t\t\t\t\t\t<img decoding=\"async\" width=\"800\" height=\"417\" src=\"https:\/\/hotellimburgia.be\/wp-content\/uploads\/2025\/07\/hotel-limburgia-kanne-limburg-1472.jpg\" class=\"attachment-large size-large wp-image-1341\" alt=\"\" srcset=\"https:\/\/hotellimburgia.be\/wp-content\/uploads\/2025\/07\/hotel-limburgia-kanne-limburg-1472.jpg 960w, https:\/\/hotellimburgia.be\/wp-content\/uploads\/2025\/07\/hotel-limburgia-kanne-limburg-1472-300x156.jpg 300w, https:\/\/hotellimburgia.be\/wp-content\/uploads\/2025\/07\/hotel-limburgia-kanne-limburg-1472-768x400.jpg 768w\" sizes=\"(max-width: 800px) 100vw, 800px\" \/>\t\t\t\t\t\t\t\t\t\t\t\t\t\t\t<\/div>\n\t\t\t\t<\/div>\n\t\t\t\t\t<\/div>\n\t\t\t\t<\/div>\n\t\t<div class=\"elementor-element elementor-element-a8fc35e e-flex e-con-boxed e-con e-parent\" data-id=\"a8fc35e\" data-element_type=\"container\">\n\t\t\t\t\t<div class=\"e-con-inner\">\n\t\t<div class=\"elementor-element elementor-element-9aa4c4b e-con-full e-flex e-con e-child\" data-id=\"9aa4c4b\" data-element_type=\"container\">\n\t\t\t\t<div class=\"elementor-element elementor-element-0529e11 elementor-widget elementor-widget-heading\" data-id=\"0529e11\" data-element_type=\"widget\" data-widget_type=\"heading.default\">\n\t\t\t\t<div class=\"elementor-widget-container\">\n\t\t\t\t\t<h1 class=\"elementor-heading-title elementor-size-default\">Un large choix de plats d\u00e9licieux.  \n<\/h1>\t\t\t\t<\/div>\n\t\t\t\t<\/div>\n\t\t\t\t<div class=\"elementor-element elementor-element-0a49d7b elementor-widget elementor-widget-text-editor\" data-id=\"0a49d7b\" data-element_type=\"widget\" data-widget_type=\"text-editor.default\">\n\t\t\t\t<div class=\"elementor-widget-container\">\n\t\t\t\t\t\t\t\t\t<p>Avec le souci du d\u00e9tail et une bonne dose de cr\u00e9ativit\u00e9, nous pr\u00e9parons chaque cr\u00e9ation avec les ingr\u00e9dients les plus frais et les plus fins. Que vous optiez pour un classique intemporel ou une nouveaut\u00e9 surprenante, chaque go\u00fbt laisse une impression durable. <\/p><p>L&rsquo;h\u00f4tel Limburgia propose \u00e9galement des week-ends gastronomiques. Contactez-nous pour plus d&rsquo;informations afin que notre cuisine flexible puisse cr\u00e9er un menu adapt\u00e9 \u00e0 vos besoins et \u00e0 votre budget. <\/p>\t\t\t\t\t\t\t\t<\/div>\n\t\t\t\t<\/div>\n\t\t\t\t<\/div>\n\t\t<div class=\"elementor-element elementor-element-8c6b674 e-con-full e-flex e-con e-child\" data-id=\"8c6b674\" data-element_type=\"container\">\n\t\t<div class=\"elementor-element elementor-element-997a640 e-con-full elementor-hidden-mobile e-flex e-con e-child\" data-id=\"997a640\" data-element_type=\"container\">\n\t\t<div class=\"elementor-element elementor-element-aec55a6 e-con-full e-flex e-con e-child\" data-id=\"aec55a6\" data-element_type=\"container\">\n\t\t\t\t<div class=\"elementor-element elementor-element-1b3c0cf elementor-widget elementor-widget-image\" data-id=\"1b3c0cf\" data-element_type=\"widget\" data-widget_type=\"image.default\">\n\t\t\t\t<div class=\"elementor-widget-container\">\n\t\t\t\t\t\t\t\t\t\t\t\t\t\t\t<img decoding=\"async\" width=\"800\" height=\"534\" src=\"https:\/\/hotellimburgia.be\/wp-content\/uploads\/2025\/07\/hotel-limburgia-kanne-limburg-gerechten-DSC5086-1024x683.jpg\" class=\"attachment-large size-large wp-image-1323\" alt=\"\" srcset=\"https:\/\/hotellimburgia.be\/wp-content\/uploads\/2025\/07\/hotel-limburgia-kanne-limburg-gerechten-DSC5086-1024x683.jpg 1024w, https:\/\/hotellimburgia.be\/wp-content\/uploads\/2025\/07\/hotel-limburgia-kanne-limburg-gerechten-DSC5086-300x200.jpg 300w, https:\/\/hotellimburgia.be\/wp-content\/uploads\/2025\/07\/hotel-limburgia-kanne-limburg-gerechten-DSC5086-768x512.jpg 768w, https:\/\/hotellimburgia.be\/wp-content\/uploads\/2025\/07\/hotel-limburgia-kanne-limburg-gerechten-DSC5086-1536x1024.jpg 1536w, https:\/\/hotellimburgia.be\/wp-content\/uploads\/2025\/07\/hotel-limburgia-kanne-limburg-gerechten-DSC5086.jpg 1920w\" sizes=\"(max-width: 800px) 100vw, 800px\" \/>\t\t\t\t\t\t\t\t\t\t\t\t\t\t\t<\/div>\n\t\t\t\t<\/div>\n\t\t\t\t<\/div>\n\t\t<div class=\"elementor-element elementor-element-1d59f88 e-con-full e-flex e-con e-child\" data-id=\"1d59f88\" data-element_type=\"container\">\n\t\t\t\t<div class=\"elementor-element elementor-element-79f888b elementor-widget elementor-widget-image\" data-id=\"79f888b\" data-element_type=\"widget\" data-widget_type=\"image.default\">\n\t\t\t\t<div class=\"elementor-widget-container\">\n\t\t\t\t\t\t\t\t\t\t\t\t\t\t\t<img loading=\"lazy\" decoding=\"async\" width=\"800\" height=\"534\" src=\"https:\/\/hotellimburgia.be\/wp-content\/uploads\/2025\/07\/hotel-limburgia-kanne-limburg-gerechten-DSC5081-1024x683.jpg\" class=\"attachment-large size-large wp-image-1335\" alt=\"\" srcset=\"https:\/\/hotellimburgia.be\/wp-content\/uploads\/2025\/07\/hotel-limburgia-kanne-limburg-gerechten-DSC5081-1024x683.jpg 1024w, https:\/\/hotellimburgia.be\/wp-content\/uploads\/2025\/07\/hotel-limburgia-kanne-limburg-gerechten-DSC5081-300x200.jpg 300w, https:\/\/hotellimburgia.be\/wp-content\/uploads\/2025\/07\/hotel-limburgia-kanne-limburg-gerechten-DSC5081-768x512.jpg 768w, https:\/\/hotellimburgia.be\/wp-content\/uploads\/2025\/07\/hotel-limburgia-kanne-limburg-gerechten-DSC5081-1536x1024.jpg 1536w, https:\/\/hotellimburgia.be\/wp-content\/uploads\/2025\/07\/hotel-limburgia-kanne-limburg-gerechten-DSC5081.jpg 1920w\" sizes=\"(max-width: 800px) 100vw, 800px\" \/>\t\t\t\t\t\t\t\t\t\t\t\t\t\t\t<\/div>\n\t\t\t\t<\/div>\n\t\t\t\t<\/div>\n\t\t\t\t<\/div>\n\t\t<div class=\"elementor-element elementor-element-1f992d8 e-con-full elementor-hidden-mobile e-flex e-con e-child\" data-id=\"1f992d8\" data-element_type=\"container\">\n\t\t<div class=\"elementor-element elementor-element-0938334 e-con-full e-flex e-con e-child\" data-id=\"0938334\" data-element_type=\"container\">\n\t\t\t\t<div class=\"elementor-element elementor-element-319099b elementor-widget elementor-widget-image\" data-id=\"319099b\" data-element_type=\"widget\" data-widget_type=\"image.default\">\n\t\t\t\t<div class=\"elementor-widget-container\">\n\t\t\t\t\t\t\t\t\t\t\t\t\t\t\t<img loading=\"lazy\" decoding=\"async\" width=\"800\" height=\"534\" src=\"https:\/\/hotellimburgia.be\/wp-content\/uploads\/2025\/07\/hotel-limburgia-kanne-limburg-gerechten-DSC5093-1024x683.jpg\" class=\"attachment-large size-large wp-image-1332\" alt=\"\" srcset=\"https:\/\/hotellimburgia.be\/wp-content\/uploads\/2025\/07\/hotel-limburgia-kanne-limburg-gerechten-DSC5093-1024x683.jpg 1024w, https:\/\/hotellimburgia.be\/wp-content\/uploads\/2025\/07\/hotel-limburgia-kanne-limburg-gerechten-DSC5093-300x200.jpg 300w, https:\/\/hotellimburgia.be\/wp-content\/uploads\/2025\/07\/hotel-limburgia-kanne-limburg-gerechten-DSC5093-768x512.jpg 768w, https:\/\/hotellimburgia.be\/wp-content\/uploads\/2025\/07\/hotel-limburgia-kanne-limburg-gerechten-DSC5093-1536x1024.jpg 1536w, https:\/\/hotellimburgia.be\/wp-content\/uploads\/2025\/07\/hotel-limburgia-kanne-limburg-gerechten-DSC5093.jpg 1920w\" sizes=\"(max-width: 800px) 100vw, 800px\" \/>\t\t\t\t\t\t\t\t\t\t\t\t\t\t\t<\/div>\n\t\t\t\t<\/div>\n\t\t\t\t<\/div>\n\t\t<div class=\"elementor-element elementor-element-4032005 e-con-full e-flex e-con e-child\" data-id=\"4032005\" data-element_type=\"container\">\n\t\t\t\t<div class=\"elementor-element elementor-element-303edbd elementor-widget elementor-widget-image\" data-id=\"303edbd\" data-element_type=\"widget\" data-widget_type=\"image.default\">\n\t\t\t\t<div class=\"elementor-widget-container\">\n\t\t\t\t\t\t\t\t\t\t\t\t\t\t\t<img loading=\"lazy\" decoding=\"async\" width=\"800\" height=\"534\" src=\"https:\/\/hotellimburgia.be\/wp-content\/uploads\/2025\/07\/hotel-limburgia-kanne-limburg-gerechten-DSC5074-1024x683.jpg\" class=\"attachment-large size-large wp-image-1326\" alt=\"\" srcset=\"https:\/\/hotellimburgia.be\/wp-content\/uploads\/2025\/07\/hotel-limburgia-kanne-limburg-gerechten-DSC5074-1024x683.jpg 1024w, https:\/\/hotellimburgia.be\/wp-content\/uploads\/2025\/07\/hotel-limburgia-kanne-limburg-gerechten-DSC5074-300x200.jpg 300w, https:\/\/hotellimburgia.be\/wp-content\/uploads\/2025\/07\/hotel-limburgia-kanne-limburg-gerechten-DSC5074-768x512.jpg 768w, https:\/\/hotellimburgia.be\/wp-content\/uploads\/2025\/07\/hotel-limburgia-kanne-limburg-gerechten-DSC5074-1536x1024.jpg 1536w, https:\/\/hotellimburgia.be\/wp-content\/uploads\/2025\/07\/hotel-limburgia-kanne-limburg-gerechten-DSC5074.jpg 1920w\" sizes=\"(max-width: 800px) 100vw, 800px\" \/>\t\t\t\t\t\t\t\t\t\t\t\t\t\t\t<\/div>\n\t\t\t\t<\/div>\n\t\t\t\t<\/div>\n\t\t\t\t<\/div>\n\t\t\t\t<\/div>\n\t\t\t\t\t<\/div>\n\t\t\t\t<\/div>\n\t\t\t\t<\/div>\n\t\t","protected":false},"excerpt":{"rendered":"<p>H\u00d4TEL RESTAURANT LIMBURGIA Des moments savoureux, pr\u00e9par\u00e9s avec amour D\u00c9COUVRIR PLUS D\u00e9lices culinaires Restaurant de l&rsquo;h\u00f4tel pour nos clients La cuisine de cet \u00e9l\u00e9gant restaurant propose une s\u00e9lection de plats cr\u00e9atifs et d\u00e9licieux. Les vendredis, samedis, dimanches et lundis, nous ouvrons les portes de notre restaurant chaleureux aux clients de l&rsquo;h\u00f4tel ainsi qu&rsquo;aux autres gourmets. [&hellip;]<\/p>\n","protected":false},"author":1,"featured_media":0,"parent":0,"menu_order":5,"comment_status":"closed","ping_status":"closed","template":"","meta":{"footnotes":""},"class_list":["post-1439","page","type-page","status-publish","hentry"],"_links":{"self":[{"href":"https:\/\/hotellimburgia.be\/fr\/wp-json\/wp\/v2\/pages\/1439","targetHints":{"allow":["GET"]}}],"collection":[{"href":"https:\/\/hotellimburgia.be\/fr\/wp-json\/wp\/v2\/pages"}],"about":[{"href":"https:\/\/hotellimburgia.be\/fr\/wp-json\/wp\/v2\/types\/page"}],"author":[{"embeddable":true,"href":"https:\/\/hotellimburgia.be\/fr\/wp-json\/wp\/v2\/users\/1"}],"replies":[{"embeddable":true,"href":"https:\/\/hotellimburgia.be\/fr\/wp-json\/wp\/v2\/comments?post=1439"}],"version-history":[{"count":2,"href":"https:\/\/hotellimburgia.be\/fr\/wp-json\/wp\/v2\/pages\/1439\/revisions"}],"predecessor-version":[{"id":1671,"href":"https:\/\/hotellimburgia.be\/fr\/wp-json\/wp\/v2\/pages\/1439\/revisions\/1671"}],"wp:attachment":[{"href":"https:\/\/hotellimburgia.be\/fr\/wp-json\/wp\/v2\/media?parent=1439"}],"curies":[{"name":"wp","href":"https:\/\/api.w.org\/{rel}","templated":true}]}}