{"id":1461,"date":"2025-06-19T08:25:23","date_gmt":"2025-06-19T08:25:23","guid":{"rendered":"https:\/\/limburgia.demosites.be\/sitzungen\/"},"modified":"2025-09-01T13:05:06","modified_gmt":"2025-09-01T13:05:06","slug":"sitzungen","status":"publish","type":"page","link":"https:\/\/hotellimburgia.be\/de\/sitzungen\/","title":{"rendered":"Sitzungen"},"content":{"rendered":"\t\t<div data-elementor-type=\"wp-page\" data-elementor-id=\"1461\" class=\"elementor elementor-1461 elementor-15\" data-elementor-post-type=\"page\">\n\t\t\t\t<div class=\"elementor-element elementor-element-19490556 e-flex e-con-boxed e-con e-parent\" data-id=\"19490556\" data-element_type=\"container\" data-settings=\"{&quot;background_background&quot;:&quot;slideshow&quot;,&quot;background_slideshow_ken_burns&quot;:&quot;yes&quot;,&quot;background_slideshow_gallery&quot;:[{&quot;id&quot;:610,&quot;url&quot;:&quot;https:\\\/\\\/hotellimburgia.be\\\/wp-content\\\/uploads\\\/2025\\\/07\\\/hotel-limburgia-kanne-limburg-meetings-1613-1.jpg&quot;},{&quot;id&quot;:611,&quot;url&quot;:&quot;https:\\\/\\\/hotellimburgia.be\\\/wp-content\\\/uploads\\\/2025\\\/07\\\/hotel-limburgia-kanne-limburg-meetings-1617.jpg&quot;}],&quot;background_slideshow_loop&quot;:&quot;yes&quot;,&quot;background_slideshow_slide_duration&quot;:5000,&quot;background_slideshow_slide_transition&quot;:&quot;fade&quot;,&quot;background_slideshow_transition_duration&quot;:500,&quot;background_slideshow_ken_burns_zoom_direction&quot;:&quot;in&quot;}\">\n\t\t\t\t\t<div class=\"e-con-inner\">\n\t\t<div class=\"elementor-element elementor-element-68533201 e-con-full e-flex e-con e-child\" data-id=\"68533201\" data-element_type=\"container\" data-settings=\"{&quot;background_background&quot;:&quot;classic&quot;}\">\n\t\t\t\t<div class=\"elementor-element elementor-element-74800d2a elementor-hidden-mobile elementor-widget elementor-widget-heading\" data-id=\"74800d2a\" data-element_type=\"widget\" data-widget_type=\"heading.default\">\n\t\t\t\t<div class=\"elementor-widget-container\">\n\t\t\t\t\t<h4 class=\"elementor-heading-title elementor-size-default\">TAGUNGEN IM HOTEL LIMBURGIA<\/h4>\t\t\t\t<\/div>\n\t\t\t\t<\/div>\n\t\t\t\t<div class=\"elementor-element elementor-element-2ce8208a elementor-hidden-mobile elementor-widget elementor-widget-heading\" data-id=\"2ce8208a\" data-element_type=\"widget\" data-widget_type=\"heading.default\">\n\t\t\t\t<div class=\"elementor-widget-container\">\n\t\t\t\t\t<h1 class=\"elementor-heading-title elementor-size-default\">Begegnungen in Frieden<\/h1>\t\t\t\t<\/div>\n\t\t\t\t<\/div>\n\t\t<div class=\"elementor-element elementor-element-3567067a e-con-full e-flex e-con e-child\" data-id=\"3567067a\" data-element_type=\"container\">\n\t\t<div class=\"elementor-element elementor-element-69df4d12 e-con-full e-flex e-con e-child\" data-id=\"69df4d12\" data-element_type=\"container\">\n\t\t\t\t<div class=\"elementor-element elementor-element-75c6863f elementor-align-center elementor-hidden-mobile elementor-widget elementor-widget-button\" data-id=\"75c6863f\" data-element_type=\"widget\" data-widget_type=\"button.default\">\n\t\t\t\t<div class=\"elementor-widget-container\">\n\t\t\t\t\t\t\t\t\t<div class=\"elementor-button-wrapper\">\n\t\t\t\t\t<a class=\"elementor-button elementor-button-link elementor-size-sm\" href=\"#meetingsblock\">\n\t\t\t\t\t\t<span class=\"elementor-button-content-wrapper\">\n\t\t\t\t\t\t\t\t\t<span class=\"elementor-button-text\">MEHR ENTDECKEN<\/span>\n\t\t\t\t\t<\/span>\n\t\t\t\t\t<\/a>\n\t\t\t\t<\/div>\n\t\t\t\t\t\t\t\t<\/div>\n\t\t\t\t<\/div>\n\t\t\t\t<\/div>\n\t\t\t\t<\/div>\n\t\t\t\t<\/div>\n\t\t\t\t\t<\/div>\n\t\t\t\t<\/div>\n\t\t\t\t<section class=\"elementor-section elementor-top-section elementor-element elementor-element-597fa33 elementor-section-boxed elementor-section-height-default elementor-section-height-default\" data-id=\"597fa33\" data-element_type=\"section\" data-settings=\"{&quot;background_background&quot;:&quot;classic&quot;}\">\n\t\t\t\t\t\t<div class=\"elementor-container elementor-column-gap-default\">\n\t\t\t\t\t<div class=\"elementor-column elementor-col-50 elementor-top-column elementor-element elementor-element-bad7152\" data-id=\"bad7152\" data-element_type=\"column\">\n\t\t\t<div class=\"elementor-widget-wrap elementor-element-populated\">\n\t\t\t\t\t\t<div class=\"elementor-element elementor-element-4a1a0bf elementor-widget elementor-widget-menu-anchor\" data-id=\"4a1a0bf\" data-element_type=\"widget\" data-widget_type=\"menu-anchor.default\">\n\t\t\t\t<div class=\"elementor-widget-container\">\n\t\t\t\t\t\t\t<div class=\"elementor-menu-anchor\" id=\"Sitzungsblock\"><\/div>\n\t\t\t\t\t\t<\/div>\n\t\t\t\t<\/div>\n\t\t\t\t<div class=\"elementor-element elementor-element-39c2dda elementor-widget elementor-widget-heading\" data-id=\"39c2dda\" data-element_type=\"widget\" data-widget_type=\"heading.default\">\n\t\t\t\t<div class=\"elementor-widget-container\">\n\t\t\t\t\t<h4 class=\"elementor-heading-title elementor-size-default\">HOTEL LIMBURGIA<\/h4>\t\t\t\t<\/div>\n\t\t\t\t<\/div>\n\t\t\t\t<div class=\"elementor-element elementor-element-617005a elementor-widget elementor-widget-heading\" data-id=\"617005a\" data-element_type=\"widget\" data-widget_type=\"heading.default\">\n\t\t\t\t<div class=\"elementor-widget-container\">\n\t\t\t\t\t<h2 class=\"elementor-heading-title elementor-size-default\">Vollst\u00e4ndig ausgestattetes Zimmer.<\/h2>\t\t\t\t<\/div>\n\t\t\t\t<\/div>\n\t\t\t\t<div class=\"elementor-element elementor-element-bc1a3f6 elementor-widget elementor-widget-text-editor\" data-id=\"bc1a3f6\" data-element_type=\"widget\" data-widget_type=\"text-editor.default\">\n\t\t\t\t<div class=\"elementor-widget-container\">\n\t\t\t\t\t\t\t\t\t<p>Das Hotel Limburgia bietet eine ruhige und inspirierende Umgebung f\u00fcr Ihre Gesch\u00e4ftstreffen, Meetings oder Brainstorming-Sitzungen. In unserem Tagungsraum verbinden Sie Komfort mit Effizienz: Der Raum ist mit allen modernen Annehmlichkeiten wie Wi-Fi, Projektions- und Pr\u00e4sentationsm\u00f6glichkeiten ausgestattet und kann je nach Gr\u00f6\u00dfe oder Art der Tagung flexibel gestaltet werden.<\/p><p>Unser ruhiger Service und unsere echte Gastfreundschaft sorgen daf\u00fcr, dass Sie sich ganz auf Ihre Ziele konzentrieren k\u00f6nnen. Ob es sich um ein kurzes Beratungsgespr\u00e4ch oder eine ganzt\u00e4gige Sitzung handelt, wir helfen Ihnen gerne, die richtige Formel zu finden. Auf Wunsch bieten wir auch ein Mittag- oder Abendessen in unserem Restaurant an, in dem lokale Produkte und schmackhafte Gerichte im Mittelpunkt stehen.<\/p><p>Zwischen den Tagungsbl\u00f6cken bietet die sch\u00f6ne Umgebung des Hotels zahlreiche M\u00f6glichkeiten zur Entspannung.<\/p><p>Sie k\u00f6nnen uns gerne kontaktieren. Wir beraten Sie gerne, abgestimmt auf Ihre Bed\u00fcrfnisse, und sorgen f\u00fcr einen erfolgreichen und unbeschwerten Gesch\u00e4ftsaufenthalt.<\/p>\t\t\t\t\t\t\t\t<\/div>\n\t\t\t\t<\/div>\n\t\t<div class=\"elementor-element elementor-element-0168b7a e-con-full e-flex e-con e-parent\" data-id=\"0168b7a\" data-element_type=\"container\">\n\t\t<div class=\"elementor-element elementor-element-b4c9a55 e-con-full e-flex e-con e-child\" data-id=\"b4c9a55\" data-element_type=\"container\">\n\t\t\t\t<div class=\"elementor-element elementor-element-8958d62 elementor-align-center elementor-widget elementor-widget-button\" data-id=\"8958d62\" data-element_type=\"widget\" data-widget_type=\"button.default\">\n\t\t\t\t<div class=\"elementor-widget-container\">\n\t\t\t\t\t\t\t\t\t<div class=\"elementor-button-wrapper\">\n\t\t\t\t\t<a class=\"elementor-button elementor-button-link elementor-size-sm\" href=\"https:\/\/hotellimburgia.be\/de\/kontakt\/\">\n\t\t\t\t\t\t<span class=\"elementor-button-content-wrapper\">\n\t\t\t\t\t\t\t\t\t<span class=\"elementor-button-text\">Mehr Infos<\/span>\n\t\t\t\t\t<\/span>\n\t\t\t\t\t<\/a>\n\t\t\t\t<\/div>\n\t\t\t\t\t\t\t\t<\/div>\n\t\t\t\t<\/div>\n\t\t\t\t<\/div>\n\t\t\t\t<\/div>\n\t\t\t\t\t<\/div>\n\t\t<\/div>\n\t\t\t\t<div class=\"elementor-column elementor-col-50 elementor-top-column elementor-element elementor-element-85a0d68\" data-id=\"85a0d68\" data-element_type=\"column\" data-settings=\"{&quot;background_background&quot;:&quot;classic&quot;}\">\n\t\t\t<div class=\"elementor-widget-wrap elementor-element-populated\">\n\t\t\t\t\t\t<section class=\"elementor-section elementor-inner-section elementor-element elementor-element-397183f elementor-section-boxed elementor-section-height-default elementor-section-height-default\" data-id=\"397183f\" data-element_type=\"section\">\n\t\t\t\t\t\t<div class=\"elementor-container elementor-column-gap-default\">\n\t\t\t\t\t<div class=\"elementor-column elementor-col-50 elementor-inner-column elementor-element elementor-element-efd1145 animated-slow elementor-invisible\" data-id=\"efd1145\" data-element_type=\"column\" data-settings=\"{&quot;background_background&quot;:&quot;classic&quot;,&quot;animation&quot;:&quot;fadeInUp&quot;}\">\n\t\t\t<div class=\"elementor-widget-wrap elementor-element-populated\">\n\t\t\t\t\t\t<div class=\"elementor-element elementor-element-9f8569f elementor-widget elementor-widget-image\" data-id=\"9f8569f\" data-element_type=\"widget\" data-widget_type=\"image.default\">\n\t\t\t\t<div class=\"elementor-widget-container\">\n\t\t\t\t\t\t\t\t\t\t\t\t\t\t\t<img fetchpriority=\"high\" decoding=\"async\" width=\"960\" height=\"1280\" src=\"https:\/\/hotellimburgia.be\/wp-content\/uploads\/2025\/07\/hotel-limburgia-kanne-limburg-meetings-5082.jpg\" class=\"attachment-full size-full wp-image-1357\" alt=\"\" srcset=\"https:\/\/hotellimburgia.be\/wp-content\/uploads\/2025\/07\/hotel-limburgia-kanne-limburg-meetings-5082.jpg 960w, https:\/\/hotellimburgia.be\/wp-content\/uploads\/2025\/07\/hotel-limburgia-kanne-limburg-meetings-5082-225x300.jpg 225w, https:\/\/hotellimburgia.be\/wp-content\/uploads\/2025\/07\/hotel-limburgia-kanne-limburg-meetings-5082-768x1024.jpg 768w\" sizes=\"(max-width: 960px) 100vw, 960px\" \/>\t\t\t\t\t\t\t\t\t\t\t\t\t\t\t<\/div>\n\t\t\t\t<\/div>\n\t\t\t\t\t<\/div>\n\t\t<\/div>\n\t\t\t\t<div class=\"elementor-column elementor-col-50 elementor-inner-column elementor-element elementor-element-8303e53 animated-slow elementor-invisible\" data-id=\"8303e53\" data-element_type=\"column\" data-settings=\"{&quot;background_background&quot;:&quot;classic&quot;,&quot;animation&quot;:&quot;fadeInRight&quot;}\">\n\t\t\t<div class=\"elementor-widget-wrap elementor-element-populated\">\n\t\t\t\t\t\t<div class=\"elementor-element elementor-element-de0715b elementor-widget elementor-widget-image\" data-id=\"de0715b\" data-element_type=\"widget\" data-widget_type=\"image.default\">\n\t\t\t\t<div class=\"elementor-widget-container\">\n\t\t\t\t\t\t\t\t\t\t\t\t\t\t\t<img decoding=\"async\" width=\"960\" height=\"1280\" src=\"https:\/\/hotellimburgia.be\/wp-content\/uploads\/2025\/07\/hotel-limburgia-kanne-limburg-meetings-1615.jpg\" class=\"attachment-full size-full wp-image-1354\" alt=\"\" srcset=\"https:\/\/hotellimburgia.be\/wp-content\/uploads\/2025\/07\/hotel-limburgia-kanne-limburg-meetings-1615.jpg 960w, https:\/\/hotellimburgia.be\/wp-content\/uploads\/2025\/07\/hotel-limburgia-kanne-limburg-meetings-1615-225x300.jpg 225w, https:\/\/hotellimburgia.be\/wp-content\/uploads\/2025\/07\/hotel-limburgia-kanne-limburg-meetings-1615-768x1024.jpg 768w\" sizes=\"(max-width: 960px) 100vw, 960px\" \/>\t\t\t\t\t\t\t\t\t\t\t\t\t\t\t<\/div>\n\t\t\t\t<\/div>\n\t\t\t\t\t<\/div>\n\t\t<\/div>\n\t\t\t\t\t<\/div>\n\t\t<\/section>\n\t\t\t\t\t<\/div>\n\t\t<\/div>\n\t\t\t\t\t<\/div>\n\t\t<\/section>\n\t\t\t\t<\/div>\n\t\t","protected":false},"excerpt":{"rendered":"<p>TAGUNGEN IM HOTEL LIMBURGIA Begegnungen in Frieden MEHR ENTDECKEN HOTEL LIMBURGIA Vollst\u00e4ndig ausgestattetes Zimmer. Das Hotel Limburgia bietet eine ruhige und inspirierende Umgebung f\u00fcr Ihre Gesch\u00e4ftstreffen, Meetings oder Brainstorming-Sitzungen. In unserem Tagungsraum verbinden Sie Komfort mit Effizienz: Der Raum ist mit allen modernen Annehmlichkeiten wie Wi-Fi, Projektions- und Pr\u00e4sentationsm\u00f6glichkeiten ausgestattet und kann je nach Gr\u00f6\u00dfe [&hellip;]<\/p>\n","protected":false},"author":1,"featured_media":0,"parent":0,"menu_order":9,"comment_status":"closed","ping_status":"closed","template":"","meta":{"footnotes":""},"class_list":["post-1461","page","type-page","status-publish","hentry"],"_links":{"self":[{"href":"https:\/\/hotellimburgia.be\/de\/wp-json\/wp\/v2\/pages\/1461","targetHints":{"allow":["GET"]}}],"collection":[{"href":"https:\/\/hotellimburgia.be\/de\/wp-json\/wp\/v2\/pages"}],"about":[{"href":"https:\/\/hotellimburgia.be\/de\/wp-json\/wp\/v2\/types\/page"}],"author":[{"embeddable":true,"href":"https:\/\/hotellimburgia.be\/de\/wp-json\/wp\/v2\/users\/1"}],"replies":[{"embeddable":true,"href":"https:\/\/hotellimburgia.be\/de\/wp-json\/wp\/v2\/comments?post=1461"}],"version-history":[{"count":3,"href":"https:\/\/hotellimburgia.be\/de\/wp-json\/wp\/v2\/pages\/1461\/revisions"}],"predecessor-version":[{"id":1882,"href":"https:\/\/hotellimburgia.be\/de\/wp-json\/wp\/v2\/pages\/1461\/revisions\/1882"}],"wp:attachment":[{"href":"https:\/\/hotellimburgia.be\/de\/wp-json\/wp\/v2\/media?parent=1461"}],"curies":[{"name":"wp","href":"https:\/\/api.w.org\/{rel}","templated":true}]}}